{"id":53,"date":"2024-10-08T20:51:14","date_gmt":"2024-10-08T20:51:14","guid":{"rendered":"https:\/\/composyst.hopto.org\/fit-ev\/?page_id=53"},"modified":"2024-10-08T20:51:14","modified_gmt":"2024-10-08T20:51:14","slug":"impressum","status":"publish","type":"page","link":"https:\/\/composyst.hopto.org\/fit-ev\/index.php\/impressum\/","title":{"rendered":"Impressum"},"content":{"rendered":"\n<p class=\"has-text-align-center\"><\/p>\n\n\n\n<div class=\"wp-block-group alignfull has-global-padding is-layout-constrained wp-container-core-group-is-layout-2 wp-block-group-is-layout-constrained\" style=\"padding-top:var(--wp--preset--spacing--50);padding-right:var(--wp--preset--spacing--50);padding-bottom:var(--wp--preset--spacing--50);padding-left:var(--wp--preset--spacing--50)\">\n<div class=\"wp-block-group has-global-padding is-layout-constrained wp-container-core-group-is-layout-1 wp-block-group-is-layout-constrained\">\n<p>Heideweg 41, 48282 Emsdetten<br>E-mail: <a>post@fit-ev.com<\/a><\/p>\n\n\n\n<p><\/p>\n\n\n\n<p>Vertretungsberechtigter Vorstand:<br>Uwe Tiltmann 1. Vorsitzender<br>Andr\u00e9 Felchner 2. Vorsitzender<br>Registergericht: Amtsgericht Steinfurt<br>Vereinsregister: 20874<\/p>\n\n\n\n<p><\/p>\n\n\n\n<p>Fragen zur Internetseite: <a>post@fit-ev.com<\/a><br>Inhaltlich Verantwortlicher gem\u00e4\u00df \u00a7 6 MDStV: Uwe Tiltmann<\/p>\n\n\n\n<p><\/p>\n\n\n\n<p>Alle Rechte vorbehalten. Die Informationen sind Eigentum des FIT e.V. Sie stellen die<br>zum Zeitpunkt der Publikation jeweils neusten Informationen dar. Eine Haftung oder<br>Garantie f\u00fcr die Aktualit\u00e4t, Richtigkeit und Vollst\u00e4ndigkeit der zur Verf\u00fcgung gestellten<br>Informationen und Daten ist ausgeschlossen. Dies gilt ebenso f\u00fcr alle anderen<br>Internetseiten, auf die mittels eines Hyperlinks verwiesen wird. F\u00fcr den Inhalt solcher<br>Seiten ist der FIT e.V. ebenfalls nicht verantwortlich.<\/p>\n\n\n\n<p><\/p>\n\n\n\n<p>Die Informationen auf den Webseiten stellen in keinem Fall rechtliche Zusicherungen dar.<\/p>\n\n\n\n<p>Der FIT e.V. beh\u00e4lt sich das Recht vor, bei Bedarf \u00c4nderungen oder Erg\u00e4nzungen der<br>bereitgestellten Informationen oder Daten durchzuf\u00fchren. Aus den hier beschriebenen<br>Themenbereichen k\u00f6nnen keine Rechtsanspr\u00fcche abgeleitet werden. Angebote sind in<br>allen Teilen unverbindlich.<\/p>\n\n\n\n<p><\/p>\n\n\n\n<p>Der FIT e.V. haftet weder f\u00fcr direkte noch indirekte Sch\u00e4den, die durch die Nutzung der<br>Informationen oder Daten entstehen, die auf dieser Website zu finden sind. Rechte und<br>Pflichten zwischen dem FIT e.V. und dem Nutzer der Internetseite oder Dritten bestehen<br>nicht.<\/p>\n\n\n\n<p><\/p>\n\n\n\n<p>Die Inhalte des FIT e.V. sind urheberrechtlich gesch\u00fctzt. Die Inhalte d\u00fcrfen weder ganz<br>noch teilweise ohne vorherige schriftliche Genehmigung des Urhebers vervielf\u00e4ltigt<br>und\/oder ver\u00f6ffentlicht oder in einem Informationssystem gespeichert werden.<\/p>\n\n\n\n<p><\/p>\n\n\n\n<p>S\u00e4mtliche Informationen oder Daten, ihre Nutzung sowie s\u00e4mtliches mit der Internetseite<br>des FIT e.V. zusammenh\u00e4ngendes Tun, Dulden oder Unterlassen unterliegen<br>ausschlie\u00dflich deutschem Recht, unter Ausschluss von internationalem Recht.<br>Erf\u00fcllungsort und ausschlie\u00dflicher Gerichtsstand ist Steinfurt.<\/p>\n\n\n\n<p><\/p>\n\n\n\n<p class=\"has-text-align-center\">FIT e.V. &#8211; Sportfreizeiten<\/p>\n<\/div>\n<\/div>\n\n\n\n<div class=\"wp-block-group alignfull has-base-color has-contrast-background-color has-text-color has-background has-global-padding is-layout-constrained wp-container-core-group-is-layout-4 wp-block-group-is-layout-constrained\" style=\"margin-top:0;margin-bottom:0;padding-top:var(--wp--preset--spacing--60);padding-right:var(--wp--preset--spacing--60);padding-bottom:var(--wp--preset--spacing--60);padding-left:var(--wp--preset--spacing--60)\">\n<div class=\"wp-block-group has-global-padding is-layout-constrained wp-block-group-is-layout-constrained\">\n<ul class=\"wp-block-list\">\n<li>Datenschutz<\/li>\n\n\n\n<li>Impressum<\/li>\n<\/ul>\n\n\n\n<div style=\"height:var(--wp--preset--spacing--10)\" aria-hidden=\"true\" class=\"wp-block-spacer\"><\/div>\n<\/div>\n<\/div>\n","protected":false},"excerpt":{"rendered":"<p>Heideweg 41, 48282 EmsdettenE-mail: post@fit-ev.com Vertretungsberechtigter Vorstand:Uwe Tiltmann 1. VorsitzenderAndr\u00e9 Felchner 2. VorsitzenderRegistergericht: Amtsgericht SteinfurtVereinsregister: 20874 Fragen zur Internetseite: post@fit-ev.comInhaltlich Verantwortlicher gem\u00e4\u00df \u00a7 6 MDStV: Uwe Tiltmann Alle Rechte vorbehalten. Die Informationen sind Eigentum des FIT e.V. Sie stellen diezum Zeitpunkt der Publikation jeweils neusten Informationen dar. Eine Haftung oderGarantie f\u00fcr die Aktualit\u00e4t, Richtigkeit und [&hellip;]<\/p>\n","protected":false},"author":1,"featured_media":0,"parent":0,"menu_order":0,"comment_status":"closed","ping_status":"closed","template":"","meta":{"footnotes":""},"class_list":["post-53","page","type-page","status-publish","hentry"],"_links":{"self":[{"href":"https:\/\/composyst.hopto.org\/fit-ev\/index.php\/wp-json\/wp\/v2\/pages\/53"}],"collection":[{"href":"https:\/\/composyst.hopto.org\/fit-ev\/index.php\/wp-json\/wp\/v2\/pages"}],"about":[{"href":"https:\/\/composyst.hopto.org\/fit-ev\/index.php\/wp-json\/wp\/v2\/types\/page"}],"author":[{"embeddable":true,"href":"https:\/\/composyst.hopto.org\/fit-ev\/index.php\/wp-json\/wp\/v2\/users\/1"}],"replies":[{"embeddable":true,"href":"https:\/\/composyst.hopto.org\/fit-ev\/index.php\/wp-json\/wp\/v2\/comments?post=53"}],"version-history":[{"count":1,"href":"https:\/\/composyst.hopto.org\/fit-ev\/index.php\/wp-json\/wp\/v2\/pages\/53\/revisions"}],"predecessor-version":[{"id":54,"href":"https:\/\/composyst.hopto.org\/fit-ev\/index.php\/wp-json\/wp\/v2\/pages\/53\/revisions\/54"}],"wp:attachment":[{"href":"https:\/\/composyst.hopto.org\/fit-ev\/index.php\/wp-json\/wp\/v2\/media?parent=53"}],"curies":[{"name":"wp","href":"https:\/\/api.w.org\/{rel}","templated":true}]}}