{"id":48,"date":"2024-10-08T20:24:08","date_gmt":"2024-10-08T20:24:08","guid":{"rendered":"https:\/\/composyst.hopto.org\/fit-ev\/?page_id=48"},"modified":"2024-10-08T20:24:08","modified_gmt":"2024-10-08T20:24:08","slug":"uber-uns","status":"publish","type":"page","link":"https:\/\/composyst.hopto.org\/fit-ev\/","title":{"rendered":"\u00dcber uns"},"content":{"rendered":"\n<div class=\"wp-block-group alignfull has-global-padding is-layout-constrained wp-container-core-group-is-layout-2 wp-block-group-is-layout-constrained\" style=\"padding-top:var(--wp--preset--spacing--50);padding-right:var(--wp--preset--spacing--50);padding-bottom:var(--wp--preset--spacing--50);padding-left:var(--wp--preset--spacing--50)\">\n<div class=\"wp-block-group has-global-padding is-layout-constrained wp-container-core-group-is-layout-1 wp-block-group-is-layout-constrained\">\n<h1 class=\"wp-block-heading has-text-align-center has-x-large-font-size\">Der FIT e.V. wurde. . . <\/h1>\n\n\n\n<div style=\"height:1.25rem\" aria-hidden=\"true\" class=\"wp-block-spacer\"><\/div>\n\n\n\n<p class=\"has-text-align-center\">..am 09.09.1996 gegr\u00fcndet und f\u00f6rdert als gemeinn\u00fctziger Verein sportliche Aktivit\u00e4ten.<\/p>\n\n\n\n<p class=\"has-text-align-center\">Auf Wunsch der Vereinsmitglieder werden unterschiedliche Aktivit\u00e4ten organisiert und durchgef\u00fchrt. Dabei sind Skifreizeiten, Radport und Bergwanderungen die hauptaktivit\u00e4ten, aber auch Wasserski, Laufveranstaltungen u. a. geh\u00f6ren zu den Angeboten.<\/p>\n\n\n\n<div style=\"height:1.25rem\" aria-hidden=\"true\" class=\"wp-block-spacer\"><\/div>\n<\/div>\n\n\n\n<div style=\"height:var(--wp--preset--spacing--30)\" aria-hidden=\"true\" class=\"wp-block-spacer\"><\/div>\n\n\n\n<figure class=\"wp-block-gallery has-nested-images columns-default is-cropped wp-block-gallery-1 is-layout-flex wp-block-gallery-is-layout-flex\">\n<figure class=\"wp-block-image size-large\"><img loading=\"lazy\" decoding=\"async\" width=\"500\" height=\"380\" src=\"https:\/\/composyst.hopto.org\/fit-ev\/wp-content\/uploads\/2024\/09\/IMG_9784_1.jpg\" alt=\"\" class=\"wp-image-15\" srcset=\"https:\/\/composyst.hopto.org\/fit-ev\/wp-content\/uploads\/2024\/09\/IMG_9784_1.jpg 500w, https:\/\/composyst.hopto.org\/fit-ev\/wp-content\/uploads\/2024\/09\/IMG_9784_1-300x228.jpg 300w\" sizes=\"(max-width: 500px) 100vw, 500px\" \/><\/figure>\n\n\n\n<figure class=\"wp-block-image size-large\"><img loading=\"lazy\" decoding=\"async\" width=\"500\" height=\"380\" src=\"https:\/\/composyst.hopto.org\/fit-ev\/wp-content\/uploads\/2024\/09\/photo_1.jpg\" alt=\"\" class=\"wp-image-16\" srcset=\"https:\/\/composyst.hopto.org\/fit-ev\/wp-content\/uploads\/2024\/09\/photo_1.jpg 500w, https:\/\/composyst.hopto.org\/fit-ev\/wp-content\/uploads\/2024\/09\/photo_1-300x228.jpg 300w\" sizes=\"(max-width: 500px) 100vw, 500px\" \/><\/figure>\n<\/figure>\n<\/div>\n\n\n\n<div class=\"wp-block-group alignfull has-global-padding is-layout-constrained wp-container-core-group-is-layout-3 wp-block-group-is-layout-constrained\" style=\"margin-top:0;margin-bottom:0;padding-top:var(--wp--preset--spacing--50);padding-right:var(--wp--preset--spacing--50);padding-bottom:var(--wp--preset--spacing--50);padding-left:var(--wp--preset--spacing--50)\"><\/div>\n\n\n\n<div class=\"wp-block-group alignfull has-base-color has-contrast-background-color has-text-color has-background has-global-padding is-layout-constrained wp-container-core-group-is-layout-5 wp-block-group-is-layout-constrained\" style=\"margin-top:0;margin-bottom:0;padding-top:var(--wp--preset--spacing--60);padding-right:var(--wp--preset--spacing--60);padding-bottom:var(--wp--preset--spacing--60);padding-left:var(--wp--preset--spacing--60)\">\n<div class=\"wp-block-group has-global-padding is-layout-constrained wp-block-group-is-layout-constrained\">\n<ul class=\"wp-block-list\">\n<li>Datenschutz<\/li>\n\n\n\n<li>Impressum<\/li>\n<\/ul>\n\n\n\n<div style=\"height:var(--wp--preset--spacing--10)\" aria-hidden=\"true\" class=\"wp-block-spacer\"><\/div>\n<\/div>\n<\/div>\n","protected":false},"excerpt":{"rendered":"<p>Der FIT e.V. wurde. . . ..am 09.09.1996 gegr\u00fcndet und f\u00f6rdert als gemeinn\u00fctziger Verein sportliche Aktivit\u00e4ten. Auf Wunsch der Vereinsmitglieder werden unterschiedliche Aktivit\u00e4ten organisiert und durchgef\u00fchrt. Dabei sind Skifreizeiten, Radport und Bergwanderungen die hauptaktivit\u00e4ten, aber auch Wasserski, Laufveranstaltungen u. a. geh\u00f6ren zu den Angeboten.<\/p>\n","protected":false},"author":1,"featured_media":0,"parent":0,"menu_order":0,"comment_status":"closed","ping_status":"closed","template":"","meta":{"footnotes":""},"class_list":["post-48","page","type-page","status-publish","hentry"],"_links":{"self":[{"href":"https:\/\/composyst.hopto.org\/fit-ev\/index.php\/wp-json\/wp\/v2\/pages\/48"}],"collection":[{"href":"https:\/\/composyst.hopto.org\/fit-ev\/index.php\/wp-json\/wp\/v2\/pages"}],"about":[{"href":"https:\/\/composyst.hopto.org\/fit-ev\/index.php\/wp-json\/wp\/v2\/types\/page"}],"author":[{"embeddable":true,"href":"https:\/\/composyst.hopto.org\/fit-ev\/index.php\/wp-json\/wp\/v2\/users\/1"}],"replies":[{"embeddable":true,"href":"https:\/\/composyst.hopto.org\/fit-ev\/index.php\/wp-json\/wp\/v2\/comments?post=48"}],"version-history":[{"count":1,"href":"https:\/\/composyst.hopto.org\/fit-ev\/index.php\/wp-json\/wp\/v2\/pages\/48\/revisions"}],"predecessor-version":[{"id":49,"href":"https:\/\/composyst.hopto.org\/fit-ev\/index.php\/wp-json\/wp\/v2\/pages\/48\/revisions\/49"}],"wp:attachment":[{"href":"https:\/\/composyst.hopto.org\/fit-ev\/index.php\/wp-json\/wp\/v2\/media?parent=48"}],"curies":[{"name":"wp","href":"https:\/\/api.w.org\/{rel}","templated":true}]}}